{"id":578,"date":"2020-06-25T11:35:03","date_gmt":"2020-06-25T09:35:03","guid":{"rendered":"http:\/\/doc.renansource.org\/el\/?page_id=578"},"modified":"2020-07-04T18:17:10","modified_gmt":"2020-07-04T16:17:10","slug":"%ce%b4%ce%b9%ce%ba%ce%b1%ce%b9%cf%8e%ce%bc%ce%b1%cf%84%ce%b1","status":"publish","type":"page","link":"http:\/\/doc.renansource.org\/el\/%ce%b4%ce%b9%ce%ba%ce%b1%ce%b9%cf%8e%ce%bc%ce%b1%cf%84%ce%b1\/","title":{"rendered":"\u0394\u03b9\u03ba\u03b1\u03b9\u03ce\u03bc\u03b1\u03c4\u03b1"},"content":{"rendered":"<p style=\"text-align: justify; padding-left: 390px;\"><span style=\"font-size: small;\">\u00ab La philologie, si l\u2019on y prend garde, a devant elle un grand avenir, cet avenir passe par la diffusion libre la plus large possible du domaine public\u00a0: les nouveaux outils fond\u00e9s sur des textes num\u00e9ris\u00e9s offrent des possibilit\u00e9s de diffusion et d\u2019analyse dont on n\u2019a jamais dispos\u00e9 ; il faut travailler \u00e0 mettre en libre acc\u00e8s le plus grand nombre possible de textes, de la meilleure qualit\u00e9 possible, et d\u00e9velopper de nouveaux outils d\u2019analyse, qui d\u00e9passent la simple requ\u00eate d\u2019un terme ou d\u2019une expression. \u00bb<\/span><strong><span style=\"font-size: small;\"><br \/>\n<\/span><span style=\"font-size: small;\">Alain Guerreau, <\/span><span style=\"font-size: small;\"><em><a href=\"https:\/\/halshs.archives-ouvertes.fr\/halshs-01112213\/document\" target=\"_blank\">L&#8217;avenir de la philologie. Textes anciens et domaine public.<\/a><\/em><\/span><\/strong><\/p>\n<p style=\"text-align: justify;\">\u03a4\u03bf Renan Source \u03ad\u03c7\u03b5\u03b9 \u03ba\u03b1\u03c4\u2019 \u03b5\u03be\u03bf\u03c7\u03ae\u03bd \u03b4\u03b7\u03bc\u03cc\u03c3\u03b9\u03bf \u03c7\u03b1\u03c1\u03b1\u03ba\u03c4\u03ae\u03c1\u03b1: \u03bf\u03b9 \u03c6\u03bf\u03c1\u03b5\u03af\u03c2 \u03c4\u03bf\u03c5 \u03c0\u03c1\u03bf\u03b3\u03c1\u03ac\u03bc\u03bc\u03b1\u03c4\u03bf\u03c2 \u03b5\u03af\u03bd\u03b1\u03b9 \u03b5\u03c1\u03b5\u03c5\u03bd\u03b7\u03c4\u03b9\u03ba\u03ac \u03b5\u03c1\u03b3\u03b1\u03c3\u03c4\u03ae\u03c1\u03b9\u03b1 (CNRS \/ ENS) \u03c7\u03c1\u03b7\u03bc\u03b1\u03c4\u03bf\u03b4\u03bf\u03c4\u03bf\u03cd\u03bc\u03b5\u03bd\u03b1 \u03b1\u03c0\u03cc \u03c4\u03bf \u039a\u03c1\u03ac\u03c4\u03bf\u03c2 \u03ba\u03b1\u03b9 \u03ac\u03bb\u03bb\u03b1 \u03b4\u03b7\u03bc\u03cc\u03c3\u03b9\u03b1 \u03b9\u03b4\u03c1\u03cd\u03bc\u03b1\u03c4\u03b1 [\u0395\u03b8\u03bd\u03b9\u03ba\u03ae \u0392\u03b9\u03b2\u03bb\u03b9\u03bf\u03b8\u03ae\u03ba\u03b7 (BnF), \u0394\u03ae\u03bc\u03bf\u03c2 \u03a0\u03b1\u03c1\u03b9\u03c3\u03af\u03c9\u03bd \u00a0(Ville de Paris), \u039a\u03bf\u03bb\u03bb\u03ad\u03b3\u03b9\u03bf \u03c4\u03b7\u03c2 \u0393\u03b1\u03bb\u03bb\u03af\u03b1\u03c2 (Coll\u00e8ge de France)]. \u0395\u03c0\u03bf\u03bc\u03ad\u03bd\u03c9\u03c2 \u03b5\u03af\u03bd\u03b1\u03b9 \u03c0\u03c1\u03bf\u03c6\u03b1\u03bd\u03ce\u03c2 \u03b5\u03c0\u03b9\u03b2\u03b5\u03b2\u03bb\u03b7\u03bc\u03ad\u03bd\u03b7 \u03b7 \u03b5\u03c0\u03b9\u03bb\u03bf\u03b3\u03ae Open Access \u03b5\u03bb\u03b5\u03cd\u03b8\u03b5\u03c1\u03b7\u03c2 \u03c0\u03c1\u03cc\u03c3\u03b2\u03b1\u03c3\u03b7\u03c2 \u03c3\u03c4\u03bf \u03b1\u03c1\u03c7\u03b5\u03af\u03bf (\u03c0\u03bf\u03bb\u03b9\u03c4\u03b9\u03c3\u03bc\u03b9\u03ba\u03ae, \u03c0\u03bf\u03bb\u03b9\u03c4\u03b9\u03ba\u03ae \u03ba\u03b1\u03b9 \u03ba\u03b1\u03c4\u03ac \u03bc\u03b9\u03b1 \u03ad\u03bd\u03bd\u03bf\u03b9\u03b1 \u03b7\u03b8\u03b9\u03ba\u03ae \u03b5\u03c0\u03b9\u03bb\u03bf\u03b3\u03ae).<\/p>\n<p style=\"text-align: justify;\">\u0391\u03ba\u03bf\u03bb\u03bf\u03cd\u03b8\u03c9\u03c2 \u03c0\u03c1\u03bf\u03c2 \u03c4\u03b9\u03c2 \u03c3\u03c5\u03bc\u03c6\u03c9\u03bd\u03af\u03b5\u03c2 \u03bc\u03b5 \u03c4\u03b1 \u03c3\u03c5\u03bd\u03b5\u03c1\u03b3\u03b1\u03b6\u03cc\u03bc\u03b5\u03bd\u03b1 \u03b9\u03b4\u03c1\u03cd\u03bc\u03b1\u03c4\u03b1, \u03c4\u03bf \u03c3\u03cd\u03bd\u03bf\u03bb\u03bf \u03c4\u03bf\u03c5 \u03b9\u03c3\u03c4\u03cc\u03c4\u03bf\u03c0\u03bf\u03c5 Renan Source \u03b4\u03b7\u03bc\u03bf\u03c3\u03b9\u03b5\u03cd\u03b5\u03c4\u03b1\u03b9 \u03bc\u03b5 \u03c4\u03b7\u03bd \u03ac\u03b4\u03b5\u03b9\u03b1 Creative Commons \u0391\u03bd\u03b1\u03c6\u03bf\u03c1\u03ac \u0394\u03b7\u03bc\u03b9\u03bf\u03c5\u03c1\u03b3\u03bf\u03cd-\u039c\u03b7 \u0395\u03bc\u03c0\u03bf\u03c1\u03b9\u03ba\u03ae \u03a7\u03c1\u03ae\u03c3\u03b7-\u038c\u03c7\u03b9 \u03a0\u03b1\u03c1\u03ac\u03b3\u03c9\u03b3\u03b1 \u0388\u03c1\u03b3\u03b1 4.0 \u0394\u03b9\u03b5\u03b8\u03bd\u03ad\u03c2 (<a href=\"https:\/\/creativecommons.org\/licenses\/by-nc-nd\/4.0\/deed.el\" target=\"_blank\">CC BY-NC-ND 4.0<\/a>).<\/p>\n<p style=\"text-align: justify;\">\u0391\u03c5\u03c4\u03cc \u03c3\u03b7\u03bc\u03b1\u03af\u03bd\u03b5\u03b9 \u03cc\u03c4\u03b9 \u03bf \u03b1\u03bd\u03b1\u03b3\u03bd\u03ce\u03c3\u03c4\u03b7\u03c2 \u03bc\u03c0\u03bf\u03c1\u03b5\u03af \u03bd\u03b1 \u03c3\u03c5\u03bc\u03b2\u03bf\u03c5\u03bb\u03b5\u03cd\u03b5\u03c4\u03b1\u03b9, \u03bd\u03b1 \u03bc\u03b5\u03c4\u03b1\u03c6\u03bf\u03c1\u03c4\u03ce\u03bd\u03b5\u03b9 \u03ba\u03b1\u03b9 \u03bd\u03b1 \u03b4\u03b9\u03b1\u03bd\u03ad\u03bc\u03b5\u03b9 \u03b5\u03bb\u03b5\u03cd\u03b8\u03b5\u03c1\u03b1 \u03c4\u03bf \u03c3\u03cd\u03bd\u03bf\u03bb\u03bf \u03c4\u03bf\u03c5 \u03b4\u03b9\u03b1\u03b8\u03ad\u03c3\u03b9\u03bc\u03bf\u03c5 \u03c5\u03bb\u03b9\u03ba\u03bf\u03cd. \u039c\u03c0\u03bf\u03c1\u03b5\u03af \u03b5\u03bb\u03b5\u03cd\u03b8\u03b5\u03c1\u03b1 \u03bd\u03b1 \u03bc\u03b5\u03c4\u03b1\u03c6\u03ad\u03c1\u03b5\u03b9 \u03ba\u03b1\u03b9 \u03bd\u03b1 \u03b4\u03b9\u03b1\u03c4\u03b7\u03c1\u03b5\u03af \u03c4\u03bf \u03c3\u03cd\u03bd\u03bf\u03bb\u03bf \u03b1\u03c5\u03c4\u03bf\u03cd \u03c4\u03bf\u03c5 \u03c5\u03bb\u03b9\u03ba\u03bf\u03cd \u03c3\u03c4\u03bf\u03bd \u03c3\u03ba\u03bb\u03b7\u03c1\u03cc \u03b4\u03af\u03c3\u03ba\u03bf \u03c4\u03bf\u03c5, \u03bc\u03c0\u03bf\u03c1\u03b5\u03af \u03bd\u03b1 \u03c0\u03b1\u03c1\u03b1\u03c0\u03ad\u03bc\u03c0\u03b5\u03b9 \u03c3\u2019 \u03b1\u03c5\u03c4\u03cc \u03c3\u03c4\u03b9\u03c2 \u03b5\u03c1\u03b3\u03b1\u03c3\u03af\u03b5\u03c2 \u03c4\u03bf\u03c5, \u03bc\u03c0\u03bf\u03c1\u03b5\u03af \u03bd\u03b1 \u03ba\u03ac\u03bd\u03b5\u03b9 \u03b1\u03bd\u03b8\u03bf\u03bb\u03cc\u03b3\u03b7\u03c3\u03b7 \u03ba\u03b1\u03b9 \u03bc\u03ad\u03c3\u03b1 \u03c3\u03c4\u03bf \u03c0\u03bb\u03b1\u03af\u03c3\u03b9\u03bf \u03c4\u03c9\u03bd \u03b4\u03b9\u03b4\u03b1\u03ba\u03c4\u03b9\u03ba\u03ce\u03bd \u03c0\u03c1\u03b1\u03ba\u03c4\u03b9\u03ba\u03ce\u03bd, \u03bd\u03b1 \u03c4\u03bf \u03b4\u03b9\u03b1\u03bd\u03ad\u03bc\u03b5\u03b9 \u03c3\u03b5 \u03c6\u03bf\u03b9\u03c4\u03b7\u03c4\u03ad\u03c2 \u03c3\u03b5 \u03c8\u03b7\u03c6\u03b9\u03b1\u03ba\u03ae \u03bc\u03bf\u03c1\u03c6\u03ae \u03ba\u03b1\u03b8\u03ce\u03c2 \u03ba\u03b1\u03b9 \u03c4\u03c5\u03c0\u03c9\u03bc\u03ad\u03bd\u03bf.<\/p>\n<p style=\"text-align: justify;\">\u03a3\u03c4\u03bf \u03c0\u03bb\u03b1\u03af\u03c3\u03b9\u03bf \u03c4\u03b7\u03c2 \u03ba\u03bf\u03b9\u03bd\u03ae\u03c2 \u03c7\u03c1\u03ae\u03c3\u03b7\u03c2 \u03ae \u03c4\u03b7\u03c2 \u03b5\u03c0\u03b1\u03bd\u03ac\u03c7\u03c1\u03b7\u03c3\u03b7\u03c2\u00a0 \u03b1\u03c5\u03c4\u03bf\u03cd \u03c4\u03bf\u03c5 \u03c5\u03bb\u03b9\u03ba\u03bf\u03cd \u03b5\u03af\u03bd\u03b1\u03b9 \u03c9\u03c3\u03c4\u03cc\u03c3\u03bf \u03b5\u03c0\u03b9\u03c4\u03b1\u03ba\u03c4\u03b9\u03ba\u03ae \u03b7 \u03b1\u03bd\u03ac\u03b3\u03ba\u03b7 \u03bd\u03b1 \u03b1\u03bd\u03b1\u03c6\u03ad\u03c1\u03b5\u03c4\u03b1\u03b9 \u03c0\u03ac\u03bd\u03c4\u03b1 \u03b7 \u03c0\u03b7\u03b3\u03ae \u03bc\u03b5 \u03b1\u03ba\u03c1\u03b9\u03b2\u03ae \u03bc\u03bd\u03b5\u03af\u03b1 \u03c4\u03b7\u03c2 \u03c3\u03c7\u03b5\u03c4\u03b9\u03ba\u03ae\u03c2 URL \u03c3\u03cd\u03bc\u03c6\u03c9\u03bd\u03b1 \u03bc\u03b5 \u03c4\u03b9\u03c2 \u03b1\u03bd\u03ac\u03bb\u03bf\u03b3\u03b5\u03c2 \u03c3\u03c5\u03bc\u03c6\u03c9\u03bd\u03af\u03b5\u03c2 \u03c4\u03c9\u03bd \u03b4\u03b9\u03b1\u03b4\u03b9\u03ba\u03c4\u03c5\u03b1\u03ba\u03ce\u03bd \u03b4\u03b7\u03bc\u03bf\u03c3\u03b9\u03b5\u03cd\u03c3\u03b5\u03c9\u03bd.<\/p>\n<p style=\"text-align: justify;\">\u03a4\u03bf \u03b4\u03b9\u03b1\u03b8\u03ad\u03c3\u03b9\u03bc\u03bf \u03c5\u03bb\u03b9\u03ba\u03cc \u03c3\u03c4\u03bf\u03bd \u03b9\u03c3\u03c4\u03cc\u03c4\u03bf\u03c0\u03bf Renan Source \u03b4\u03b5\u03bd \u03c0\u03c1\u03bf\u03bf\u03c1\u03af\u03b6\u03b5\u03c4\u03b1\u03b9 \u03b3\u03b9\u03b1 \u03c7\u03c1\u03ae\u03c3\u03b7 \u03b5\u03bc\u03c0\u03bf\u03c1\u03b9\u03ba\u03bf\u03cd \u03c3\u03ba\u03bf\u03c0\u03bf\u03cd \u03c5\u03c0\u03cc \u03bf\u03c0\u03bf\u03b9\u03b1\u03b4\u03ae\u03c0\u03bf\u03c4\u03b5 \u03bc\u03bf\u03c1\u03c6\u03ae \u03ae \u03bc\u03ad\u03c3\u03bf. \u03a3\u03c5\u03bd\u03b5\u03c0\u03ce\u03c2, \u03b1\u03c0\u03b1\u03b3\u03bf\u03c1\u03b5\u03cd\u03b5\u03c4\u03b1\u03b9 \u03b7 \u03c0\u03ce\u03bb\u03b7\u03c3\u03b7, \u03b7 \u03b4\u03b9\u03b1\u03bd\u03bf\u03bc\u03ae \u03ae \u03b7 \u03b4\u03b7\u03bc\u03bf\u03c3\u03af\u03b5\u03c5\u03c3\u03b7 \u03bc\u03ad\u03c1\u03bf\u03c5\u03c2 \u03ae \u03c4\u03bf\u03c5 \u03c3\u03c5\u03bd\u03cc\u03bb\u03bf\u03c5, \u03c0\u03c1\u03bf\u03ba\u03b5\u03b9\u03bc\u03ad\u03bd\u03bf\u03c5 \u03bd\u03b1 \u03b1\u03bd\u03c4\u03bb\u03b7\u03b8\u03b5\u03af \u03bf\u03b9\u03ba\u03bf\u03bd\u03bf\u03bc\u03b9\u03ba\u03cc \u03cc\u03c6\u03b5\u03bb\u03bf\u03c2.<\/p>\n","protected":false},"excerpt":{"rendered":"<p>\u00ab La philologie, si l\u2019on y prend garde, a devant elle un grand avenir, cet avenir passe par la diffusion libre la plus large possible du domaine public\u00a0: les nouveaux outils fond\u00e9s sur des textes num\u00e9ris\u00e9s offrent des possibilit\u00e9s de diffusion et d\u2019analyse dont on n\u2019a jamais dispos\u00e9 ; il faut travailler \u00e0 mettre en &hellip; <a href=\"http:\/\/doc.renansource.org\/el\/%ce%b4%ce%b9%ce%ba%ce%b1%ce%b9%cf%8e%ce%bc%ce%b1%cf%84%ce%b1\/\" class=\"more-link\">Continue reading<span class=\"screen-reader-text\"> &#8220;\u0394\u03b9\u03ba\u03b1\u03b9\u03ce\u03bc\u03b1\u03c4\u03b1&#8221;<\/span><\/a><\/p>\n","protected":false},"author":3,"featured_media":0,"parent":0,"menu_order":0,"comment_status":"closed","ping_status":"closed","template":"","meta":[],"_links":{"self":[{"href":"http:\/\/doc.renansource.org\/el\/wp-json\/wp\/v2\/pages\/578"}],"collection":[{"href":"http:\/\/doc.renansource.org\/el\/wp-json\/wp\/v2\/pages"}],"about":[{"href":"http:\/\/doc.renansource.org\/el\/wp-json\/wp\/v2\/types\/page"}],"author":[{"embeddable":true,"href":"http:\/\/doc.renansource.org\/el\/wp-json\/wp\/v2\/users\/3"}],"replies":[{"embeddable":true,"href":"http:\/\/doc.renansource.org\/el\/wp-json\/wp\/v2\/comments?post=578"}],"version-history":[{"count":4,"href":"http:\/\/doc.renansource.org\/el\/wp-json\/wp\/v2\/pages\/578\/revisions"}],"predecessor-version":[{"id":604,"href":"http:\/\/doc.renansource.org\/el\/wp-json\/wp\/v2\/pages\/578\/revisions\/604"}],"wp:attachment":[{"href":"http:\/\/doc.renansource.org\/el\/wp-json\/wp\/v2\/media?parent=578"}],"curies":[{"name":"wp","href":"https:\/\/api.w.org\/{rel}","templated":true}]}}