{"id":459,"date":"2020-05-26T11:09:03","date_gmt":"2020-05-26T09:09:03","guid":{"rendered":"http:\/\/doc.renansource.org\/en\/?page_id=459"},"modified":"2023-12-01T11:02:05","modified_gmt":"2023-12-01T10:02:05","slug":"rights-2","status":"publish","type":"page","link":"http:\/\/doc.renansource.org\/en\/rights-2\/","title":{"rendered":"Rights"},"content":{"rendered":"<p style=\"padding-left: 390px; text-align: justify;\"><span style=\"font-size: small;\">\u00ab La philologie, si l\u2019on y prend garde, a devant elle un grand avenir, cet avenir passe par la diffusion libre la plus large possible du domaine public\u00a0: les nouveaux outils fond\u00e9s sur des textes num\u00e9ris\u00e9s offrent des possibilit\u00e9s de diffusion et d\u2019analyse dont on n\u2019a jamais dispos\u00e9 ; il faut travailler \u00e0 mettre en libre acc\u00e8s le plus grand nombre possible de textes, de la meilleure qualit\u00e9 possible, et d\u00e9velopper de nouveaux outils d\u2019analyse, qui d\u00e9passent la simple requ\u00eate d\u2019un terme ou d\u2019une expression. \u00bb<\/span><strong><span style=\"font-size: small;\"><br \/>\n<\/span><span style=\"font-size: small;\">Alain Guerreau, <\/span><span style=\"font-size: small;\"><em><a href=\"https:\/\/halshs.archives-ouvertes.fr\/halshs-01112213\/document\" target=\"_blank\" rel=\"noopener noreferrer\">L&#8217;avenir de la philologie. Textes anciens et domaine public.<\/a><\/em><\/span><\/strong><\/p>\n<p style=\"text-align: justify;\">The framework within which Renan Source operates is an eminently public one: the bearers of the project are research laboratories (CNRS \/ ENS) funded by the State and other public institutions (The French National Library, the City of Paris, the Coll\u00e8ge de France). It stands to reason, then, that the mode of publishing we have chosen (a choice cultural, political, and also in a certain sense moral) is that of Open Access.<\/p>\n<p style=\"text-align: justify;\">In accordance with the agreements signed with our partner institutions the entirety of Renan Source\u2019s content is published under Creative Commons licence version 4.0 (<a href=\"_wp_link_placeholder\" data-wplink-edit=\"true\">CC BY-NC-ND 4.0<\/a>): \u201cattribution, non-commercial, no-derivatives\u201d.<\/p>\n<p style=\"text-align: justify;\">This means that the reader can consult, download and freely share the entirety of the materials made available. They can, if they wish, transfer and save any or all of these materials on their hard drive; they can cite them in their work; they can make anthologies thereof and distribute them, in teaching contexts, to students, be it in paper or in digital form.<\/p>\n<p style=\"text-align: justify;\">It is imperative, however, so as to comply with the existing agreements and conventions bearing on online publications, that <strong>the source should always be cited, with exact mention being made of the relevant URL<\/strong>, whenever said materials are shared or re-used.<\/p>\n<p style=\"text-align: justify;\"><strong>The materials made available on Renan Source are not to be utilized to ends that are in any shape or form commercial<\/strong>. Consequently, it is forbidden to sell, distribute, or publish either the whole or any part of these materials with a view to deriving therefrom some pecuniary benefit or advantage.<\/p>\n","protected":false},"excerpt":{"rendered":"<p>\u00ab La philologie, si l\u2019on y prend garde, a devant elle un grand avenir, cet avenir passe par la diffusion libre la plus large possible du domaine public\u00a0: les nouveaux outils fond\u00e9s sur des textes num\u00e9ris\u00e9s offrent des possibilit\u00e9s de diffusion et d\u2019analyse dont on n\u2019a jamais dispos\u00e9 ; il faut travailler \u00e0 mettre en &hellip; <a href=\"http:\/\/doc.renansource.org\/en\/rights-2\/\" class=\"more-link\">Continue reading<span class=\"screen-reader-text\"> &#8220;Rights&#8221;<\/span><\/a><\/p>\n","protected":false},"author":3,"featured_media":0,"parent":0,"menu_order":0,"comment_status":"closed","ping_status":"closed","template":"","meta":{"footnotes":""},"class_list":["post-459","page","type-page","status-publish","hentry"],"_links":{"self":[{"href":"http:\/\/doc.renansource.org\/en\/wp-json\/wp\/v2\/pages\/459","targetHints":{"allow":["GET"]}}],"collection":[{"href":"http:\/\/doc.renansource.org\/en\/wp-json\/wp\/v2\/pages"}],"about":[{"href":"http:\/\/doc.renansource.org\/en\/wp-json\/wp\/v2\/types\/page"}],"author":[{"embeddable":true,"href":"http:\/\/doc.renansource.org\/en\/wp-json\/wp\/v2\/users\/3"}],"replies":[{"embeddable":true,"href":"http:\/\/doc.renansource.org\/en\/wp-json\/wp\/v2\/comments?post=459"}],"version-history":[{"count":4,"href":"http:\/\/doc.renansource.org\/en\/wp-json\/wp\/v2\/pages\/459\/revisions"}],"predecessor-version":[{"id":636,"href":"http:\/\/doc.renansource.org\/en\/wp-json\/wp\/v2\/pages\/459\/revisions\/636"}],"wp:attachment":[{"href":"http:\/\/doc.renansource.org\/en\/wp-json\/wp\/v2\/media?parent=459"}],"curies":[{"name":"wp","href":"https:\/\/api.w.org\/{rel}","templated":true}]}}