{"id":464,"date":"2020-05-26T11:10:01","date_gmt":"2020-05-26T09:10:01","guid":{"rendered":"http:\/\/doc.renansource.org\/en\/?page_id=464"},"modified":"2025-09-06T16:03:50","modified_gmt":"2025-09-06T14:03:50","slug":"research-group-2","status":"publish","type":"page","link":"http:\/\/doc.renansource.org\/en\/research-group-2\/","title":{"rendered":"Research Team"},"content":{"rendered":"<h3>Editorial and scientific direction: Domenico Paone<strong><br \/>\n<\/strong><\/h3>\n<p><strong>Facsimile Edition (EF) :<\/strong> Domenico Paone, Marie-Claude Sabouret.<\/p>\n<p><strong>Critical Edition\u00a0:<\/strong> Claire Bompaire-Evesque, Iphig\u00e9nie Botouropoulou, Christophe Carr\u00e8re, Az\u00e9lie Fayolle, Maurice Gasnier, Domenico Paone, Francesco Petruzzelli, Robert Priest.<\/p>\n<p><strong>Text Encoding<\/strong>: Domenico Paone<br \/>\n<strong>Graphic User Interfaces<\/strong>: Dr. Giulio Andreini (<a href=\"http:\/\/www.netseven.it\/\" target=\"_blank\" rel=\"noopener noreferrer\">Net7<\/a>).<br \/>\n<strong>Software<\/strong>: <a href=\"http:\/\/www.netseven.it\/\" target=\"_blank\" rel=\"noopener noreferrer\">Net7, Pisa.<\/a><br \/>\n<strong>Digitization<\/strong>: BnF (French National Library), Mus\u00e9e de la Vie Romantique, Coll\u00e8ge de France.<\/p>\n","protected":false},"excerpt":{"rendered":"<p>Editorial and scientific direction: Domenico Paone Facsimile Edition (EF) : Domenico Paone, Marie-Claude Sabouret. Critical Edition\u00a0: Claire Bompaire-Evesque, Iphig\u00e9nie Botouropoulou, Christophe Carr\u00e8re, Az\u00e9lie Fayolle, Maurice Gasnier, Domenico Paone, Francesco Petruzzelli, Robert Priest. Text Encoding: Domenico Paone Graphic User Interfaces: Dr. Giulio Andreini (Net7). Software: Net7, Pisa. Digitization: BnF (French National Library), Mus\u00e9e de la Vie &hellip; <a href=\"http:\/\/doc.renansource.org\/en\/research-group-2\/\" class=\"more-link\">Continue reading<span class=\"screen-reader-text\"> &#8220;Research Team&#8221;<\/span><\/a><\/p>\n","protected":false},"author":3,"featured_media":0,"parent":0,"menu_order":0,"comment_status":"closed","ping_status":"closed","template":"","meta":{"footnotes":""},"class_list":["post-464","page","type-page","status-publish","hentry"],"_links":{"self":[{"href":"http:\/\/doc.renansource.org\/en\/wp-json\/wp\/v2\/pages\/464","targetHints":{"allow":["GET"]}}],"collection":[{"href":"http:\/\/doc.renansource.org\/en\/wp-json\/wp\/v2\/pages"}],"about":[{"href":"http:\/\/doc.renansource.org\/en\/wp-json\/wp\/v2\/types\/page"}],"author":[{"embeddable":true,"href":"http:\/\/doc.renansource.org\/en\/wp-json\/wp\/v2\/users\/3"}],"replies":[{"embeddable":true,"href":"http:\/\/doc.renansource.org\/en\/wp-json\/wp\/v2\/comments?post=464"}],"version-history":[{"count":6,"href":"http:\/\/doc.renansource.org\/en\/wp-json\/wp\/v2\/pages\/464\/revisions"}],"predecessor-version":[{"id":671,"href":"http:\/\/doc.renansource.org\/en\/wp-json\/wp\/v2\/pages\/464\/revisions\/671"}],"wp:attachment":[{"href":"http:\/\/doc.renansource.org\/en\/wp-json\/wp\/v2\/media?parent=464"}],"curies":[{"name":"wp","href":"https:\/\/api.w.org\/{rel}","templated":true}]}}