{"id":364,"date":"2020-05-25T11:53:40","date_gmt":"2020-05-25T09:53:40","guid":{"rendered":"http:\/\/doc.renansource.org\/fr\/?page_id=364"},"modified":"2020-05-26T10:31:17","modified_gmt":"2020-05-26T08:31:17","slug":"a-propos-de-renan-source","status":"publish","type":"page","link":"http:\/\/doc.renansource.org\/fr\/","title":{"rendered":"\u00c0 propos de Renan Source"},"content":{"rendered":"<p style=\"text-align: justify;\"><strong>Renan Source<\/strong> est un site web consacr\u00e9 \u00e0 la publication d&#8217;\u00e9ditions savantes concernant l\u2019\u0153uvre et la vie d&#8217;Ernest Renan, sous la direction \u00e9ditoriale et scientifique de <a href=\"http:\/\/www.item.ens.fr\/paone\/\" target=\"_blank\">Domenico Paone<\/a>.<\/p>\n<p style=\"text-align: justify;\">Les contenus et leurs adresses internet sont stables et peuvent \u00eatre librement utilis\u00e9s et cit\u00e9s \u00e0 des fins d\u2019enseignement et de recherche.<\/p>\n","protected":false},"excerpt":{"rendered":"<p>Renan Source est un site web consacr\u00e9 \u00e0 la publication d&#8217;\u00e9ditions savantes concernant l\u2019\u0153uvre et la vie d&#8217;Ernest Renan, sous la direction \u00e9ditoriale et scientifique de Domenico Paone. Les contenus et leurs adresses internet sont stables et peuvent \u00eatre librement utilis\u00e9s et cit\u00e9s \u00e0 des fins d\u2019enseignement et de recherche.<\/p>\n","protected":false},"author":3,"featured_media":0,"parent":0,"menu_order":0,"comment_status":"closed","ping_status":"closed","template":"","meta":{"footnotes":""},"class_list":["post-364","page","type-page","status-publish","hentry"],"_links":{"self":[{"href":"http:\/\/doc.renansource.org\/fr\/wp-json\/wp\/v2\/pages\/364","targetHints":{"allow":["GET"]}}],"collection":[{"href":"http:\/\/doc.renansource.org\/fr\/wp-json\/wp\/v2\/pages"}],"about":[{"href":"http:\/\/doc.renansource.org\/fr\/wp-json\/wp\/v2\/types\/page"}],"author":[{"embeddable":true,"href":"http:\/\/doc.renansource.org\/fr\/wp-json\/wp\/v2\/users\/3"}],"replies":[{"embeddable":true,"href":"http:\/\/doc.renansource.org\/fr\/wp-json\/wp\/v2\/comments?post=364"}],"version-history":[{"count":3,"href":"http:\/\/doc.renansource.org\/fr\/wp-json\/wp\/v2\/pages\/364\/revisions"}],"predecessor-version":[{"id":391,"href":"http:\/\/doc.renansource.org\/fr\/wp-json\/wp\/v2\/pages\/364\/revisions\/391"}],"wp:attachment":[{"href":"http:\/\/doc.renansource.org\/fr\/wp-json\/wp\/v2\/media?parent=364"}],"curies":[{"name":"wp","href":"https:\/\/api.w.org\/{rel}","templated":true}]}}