{"id":86,"date":"2016-05-03T09:42:23","date_gmt":"2016-05-03T07:42:23","guid":{"rendered":"http:\/\/nietzschesource.local\/fr\/?page_id=86"},"modified":"2025-09-08T10:27:15","modified_gmt":"2025-09-08T08:27:15","slug":"editions","status":"publish","type":"page","link":"http:\/\/doc.renansource.org\/fr\/editions\/","title":{"rendered":"\u00c9ditions"},"content":{"rendered":"<p style=\"text-align: justify;\">Renan Source publie des \u00e9ditions savantes des \u0153uvres de Renan et de ses manuscrits.<\/p>\n<p style=\"text-align: justify;\">L\u2019<a href=\"http:\/\/doc.renansource.org\/fr\/ef\/\">\u00e9dition en fac-simil\u00e9<\/a> des manuscrits de Renan et une <a href=\"http:\/\/doc.renansource.org\/fr\/ec\/\">\u00e9dition critique num\u00e9rique<\/a> sont actuellement en cours de publication sur le site.<\/p>\n<p style=\"text-align: justify;\">Si vous d\u00e9couvrez des erreurs dans ces \u00e9ditions ou si vous constatez des dysfonctionnements dans le site web, nous vous serions tr\u00e8s reconnaissants de nous le\u00a0<a href=\"http:\/\/doc.renansource.org\/fr\/contact\/\">signaler<\/a>.<\/p>\n","protected":false},"excerpt":{"rendered":"<p>Renan Source publie des \u00e9ditions savantes des \u0153uvres de Renan et de ses manuscrits. L\u2019\u00e9dition en fac-simil\u00e9 des manuscrits de Renan et une \u00e9dition critique num\u00e9rique sont actuellement en cours de publication sur le site. Si vous d\u00e9couvrez des erreurs dans ces \u00e9ditions ou si vous constatez des dysfonctionnements dans le site web, nous vous &hellip; <a href=\"http:\/\/doc.renansource.org\/fr\/editions\/\" class=\"more-link\">Continue reading<span class=\"screen-reader-text\"> &#8220;\u00c9ditions&#8221;<\/span><\/a><\/p>\n","protected":false},"author":1,"featured_media":0,"parent":0,"menu_order":0,"comment_status":"closed","ping_status":"closed","template":"","meta":{"footnotes":""},"class_list":["post-86","page","type-page","status-publish","hentry"],"_links":{"self":[{"href":"http:\/\/doc.renansource.org\/fr\/wp-json\/wp\/v2\/pages\/86","targetHints":{"allow":["GET"]}}],"collection":[{"href":"http:\/\/doc.renansource.org\/fr\/wp-json\/wp\/v2\/pages"}],"about":[{"href":"http:\/\/doc.renansource.org\/fr\/wp-json\/wp\/v2\/types\/page"}],"author":[{"embeddable":true,"href":"http:\/\/doc.renansource.org\/fr\/wp-json\/wp\/v2\/users\/1"}],"replies":[{"embeddable":true,"href":"http:\/\/doc.renansource.org\/fr\/wp-json\/wp\/v2\/comments?post=86"}],"version-history":[{"count":9,"href":"http:\/\/doc.renansource.org\/fr\/wp-json\/wp\/v2\/pages\/86\/revisions"}],"predecessor-version":[{"id":682,"href":"http:\/\/doc.renansource.org\/fr\/wp-json\/wp\/v2\/pages\/86\/revisions\/682"}],"wp:attachment":[{"href":"http:\/\/doc.renansource.org\/fr\/wp-json\/wp\/v2\/media?parent=86"}],"curies":[{"name":"wp","href":"https:\/\/api.w.org\/{rel}","templated":true}]}}