{"id":410,"date":"2016-05-03T09:31:09","date_gmt":"2016-05-03T07:31:09","guid":{"rendered":"http:\/\/doc.renansource.org\/it\/?page_id=410"},"modified":"2023-12-01T16:03:27","modified_gmt":"2023-12-01T15:03:27","slug":"istituzioni","status":"publish","type":"page","link":"http:\/\/doc.renansource.org\/it\/istituzioni\/","title":{"rendered":"Istituzioni e finanziamenti"},"content":{"rendered":"<p style=\"text-align: left;\"><strong>Renan Source \u00e8 stato sostenuto dalle seguenti istituzioni:<\/strong><\/p>\n<table style=\"width: 840px; border-color: #ffffff; background-color: #ffffff;\">\n<tbody>\n<tr style=\"height: 124px;\">\n<td style=\"width: 169.85px; border-color: #ffffff; height: 124.05px; text-align: left; vertical-align: middle;\"><img loading=\"lazy\" decoding=\"async\" class=\"aligncenter\" title=\"\" src=\"http:\/\/doc.renansource.org\/wp-content\/uploads\/2016\/05\/1166px-Ville_de_Paris_logo_2019.svg_.png\" alt=\"\" width=\"86\" height=\"75\" \/><\/td>\n<td style=\"width: 639.75px; border-color: #ffffff; vertical-align: middle; height: 124.05px; text-align: justify;\">Il progetto <em>\u00ab Renan Source \u00bb. Une \u00e9dition num\u00e9rique des manuscrits d\u2019Ernest Renan<\/em>, diretto da Domenico Paone, \u00e8 stato vincitore nel 2014 del programma di sostegno alla ricerca <a href=\"https:\/\/www.paris.fr\/pages\/appel-a-projets-emergence-s-pour-soutenir-la-recherche-6260\/\" target=\"_blank\" rel=\"noopener noreferrer\">\u00c9mergence(s)<\/a> della citt\u00e0 di Parigi. Questo programma ha finanziato e sostenuto <strong>Renan Source<\/strong> dal 2015 al 2019.<\/td>\n<\/tr>\n<tr style=\"height: 124px;\">\n<td style=\"width: 169.85px; border-color: #ffffff; vertical-align: middle; height: 124px; text-align: left;\"><img loading=\"lazy\" decoding=\"async\" class=\"wp-image-341 aligncenter\" src=\"http:\/\/doc.renansource.org\/wp-content\/uploads\/2016\/05\/logo_cnrs-640x717.jpg\" width=\"71\" height=\"80\" \/><\/td>\n<td style=\"width: 169.85px; border-color: #ffffff; height: 124px; text-align: justify; vertical-align: top;\">Il <a href=\"http:\/\/www.cnrs.fr\/\" target=\"_blank\" rel=\"noopener noreferrer\">Centre National de la Recherche Scientifique<\/a> ha cofinanziato <strong>Renan Source<\/strong> mettendo a disposizione personale, locali e strumenti scientifici dal 2015 al 2019 presso l\u2019<a href=\"http:\/\/www.item.ens.fr\/\" target=\"_blank\" rel=\"noopener noreferrer\">Institut des Textes et Manuscrits Modernes<\/a> (CNRS-ENS, Paris).<\/td>\n<\/tr>\n<tr style=\"height: 112px;\">\n<td style=\"width: 169.85px; border-color: #ffffff; height: 112px; vertical-align: bottom;\">\n<p style=\"text-align: justify;\"><img loading=\"lazy\" decoding=\"async\" class=\"aligncenter\" title=\"\" src=\"http:\/\/doc.renansource.org\/wp-content\/uploads\/2020\/05\/231px-Logo_BnF.svg_.png\" alt=\"\" width=\"99\" height=\"66\" \/><\/p>\n<\/td>\n<td style=\"width: 169.85px; border-color: #ffffff; height: 112px; text-align: justify; vertical-align: top;\">La <a href=\"https:\/\/www.bnf.fr\/fr\" target=\"_blank\" rel=\"noopener noreferrer\">Biblioth\u00e8que nationale de France<\/a> ha firmato una convenzione con l&#8217;Item per la digitalizzazione e la diffusione su internet dell&#8217;insieme dei manoscritti del Fondo Renan. Il partenariato tra la BnF e <strong>Renan Source<\/strong> punta a sostenere la ricerca e valorizzare il patrimonio archivistico.<\/td>\n<\/tr>\n<tr style=\"height: 127px;\">\n<td style=\"width: 169.85px; border-color: #ffffff; height: 127px; vertical-align: bottom;\"><img loading=\"lazy\" decoding=\"async\" class=\"wp-image-337 aligncenter\" src=\"http:\/\/doc.renansource.org\/wp-content\/uploads\/2016\/05\/logo_mvr2.jpg\" width=\"70\" height=\"83\" \/><\/td>\n<td style=\"width: 169.85px; border-color: #ffffff; height: 127px; text-align: justify; vertical-align: top;\">Il <a href=\"http:\/\/museevieromantique.paris.fr\/fr\" target=\"_blank\" rel=\"noopener noreferrer\">Mus\u00e9e de la Vie Romantique<\/a> e l&#8217;Item hanno firmato una convenzione per la digitalizzazione e la diffusione su internet di una parte del fondo <em> Scheffer-Renan<\/em> conservato al museo.<\/td>\n<\/tr>\n<tr style=\"height: 127px;\">\n<td style=\"width: 169.85px; border-color: #ffffff; height: 127px; vertical-align: middle;\"><img loading=\"lazy\" decoding=\"async\" class=\"wp-image-632  alignleft\" src=\"http:\/\/doc.renansource.org\/wp-content\/uploads\/2023\/12\/cdf-3-300x132.png\" alt=\"\" width=\"136\" height=\"60\" srcset=\"http:\/\/doc.renansource.org\/wp-content\/uploads\/2023\/12\/cdf-3-300x132.png 300w, http:\/\/doc.renansource.org\/wp-content\/uploads\/2023\/12\/cdf-3.png 339w\" sizes=\"auto, (max-width: 136px) 85vw, 136px\" \/><\/td>\n<td style=\"width: 169.85px; border-color: #ffffff; height: 127px; text-align: justify; vertical-align: middle;\">Il <a href=\"https:\/\/www.college-de-france.fr\/fr\">Coll\u00e8ge de France<\/a> ha firmato una convenzione con l\u2019Item per la digitalizzazione e la diffusione su internet del Dossier personale di Ernest Renan, conservato nell\u2019archivio del Coll\u00e8ge de France, dove insegn\u00f2 (cattedra di Lingue ebraica, caldaica e siriaca nel 1862 e dal 1870 al 1892, anno della sua morte) e di cui fu anche amministratore (dal 1883 al 1892).<\/td>\n<\/tr>\n<tr style=\"height: 127px;\">\n<td style=\"width: 169.85px; border-color: #ffffff; vertical-align: middle; height: 127px;\"><\/td>\n<td style=\"width: 169.85px; border-color: #ffffff; height: 127px; text-align: justify; vertical-align: middle;\"><\/td>\n<\/tr>\n<\/tbody>\n<\/table>\n","protected":false},"excerpt":{"rendered":"<p>Renan Source \u00e8 stato sostenuto dalle seguenti istituzioni: Il progetto \u00ab Renan Source \u00bb. Une \u00e9dition num\u00e9rique des manuscrits d\u2019Ernest Renan, diretto da Domenico Paone, \u00e8 stato vincitore nel 2014 del programma di sostegno alla ricerca \u00c9mergence(s) della citt\u00e0 di Parigi. Questo programma ha finanziato e sostenuto Renan Source dal 2015 al 2019. Il Centre &hellip; <a href=\"http:\/\/doc.renansource.org\/it\/istituzioni\/\" class=\"more-link\">Leggi tutto<span class=\"screen-reader-text\"> &#8220;Istituzioni e finanziamenti&#8221;<\/span><\/a><\/p>\n","protected":false},"author":1,"featured_media":0,"parent":0,"menu_order":0,"comment_status":"closed","ping_status":"closed","template":"","meta":{"footnotes":""},"class_list":["post-410","page","type-page","status-publish","hentry"],"_links":{"self":[{"href":"http:\/\/doc.renansource.org\/it\/wp-json\/wp\/v2\/pages\/410","targetHints":{"allow":["GET"]}}],"collection":[{"href":"http:\/\/doc.renansource.org\/it\/wp-json\/wp\/v2\/pages"}],"about":[{"href":"http:\/\/doc.renansource.org\/it\/wp-json\/wp\/v2\/types\/page"}],"author":[{"embeddable":true,"href":"http:\/\/doc.renansource.org\/it\/wp-json\/wp\/v2\/users\/1"}],"replies":[{"embeddable":true,"href":"http:\/\/doc.renansource.org\/it\/wp-json\/wp\/v2\/comments?post=410"}],"version-history":[{"count":9,"href":"http:\/\/doc.renansource.org\/it\/wp-json\/wp\/v2\/pages\/410\/revisions"}],"predecessor-version":[{"id":658,"href":"http:\/\/doc.renansource.org\/it\/wp-json\/wp\/v2\/pages\/410\/revisions\/658"}],"wp:attachment":[{"href":"http:\/\/doc.renansource.org\/it\/wp-json\/wp\/v2\/media?parent=410"}],"curies":[{"name":"wp","href":"https:\/\/api.w.org\/{rel}","templated":true}]}}